{"id":5051,"date":"2021-03-16T15:52:08","date_gmt":"2021-03-16T20:52:08","guid":{"rendered":"https:\/\/traduce.com.pe\/?page_id=5051"},"modified":"2025-02-17T10:54:15","modified_gmt":"2025-02-17T15:54:15","slug":"cotizador","status":"publish","type":"page","link":"https:\/\/traduce.com.pe\/en\/cotizador\/","title":{"rendered":"Cotizador"},"content":{"rendered":"<div data-elementor-type=\"wp-page\" data-elementor-id=\"5051\" class=\"elementor elementor-5051\">\n\t\t\t\t\t\t<section class=\"elementor-section elementor-top-section elementor-element elementor-element-da2d911 elementor-section-full_width elementor-section-height-min-height elementor-section-height-default elementor-section-items-middle default-style\" data-id=\"da2d911\" data-element_type=\"section\" data-settings=\"{&quot;background_background&quot;:&quot;classic&quot;,&quot;rt_color_sets&quot;:&quot;default-style&quot;}\">\n\t\t\t\t\t\t<div class=\"elementor-container elementor-column-gap-default\">\n\t\t\t\t\t<div class=\"elementor-column elementor-col-100 elementor-top-column elementor-element elementor-element-773ac31\" data-id=\"773ac31\" data-element_type=\"column\">\n\t\t\t<div class=\"elementor-widget-wrap elementor-element-populated\">\n\t\t\t\t\t\t<div class=\"elementor-element elementor-element-daa7e5c elementor-widget elementor-widget-rt-heading\" data-id=\"daa7e5c\" data-element_type=\"widget\" data-widget_type=\"rt-heading.default\">\n\t\t\t\t<div class=\"elementor-widget-container\">\n\t\t\t\t\t<div class=\"rt-heading-wrapper style-4\">\n\t\t\t\t\t\t<h4 class=\"rt-heading style-4\" >GET A QUOTE<\/h4>\n\t\t\t\t\t<\/div>\t\t\t\t<\/div>\n\t\t\t\t<\/div>\n\t\t\t\t\t<\/div>\n\t\t<\/div>\n\t\t\t\t\t<\/div>\n\t\t<\/section>\n\t\t\t\t<section class=\"elementor-section elementor-top-section elementor-element elementor-element-dc45b52 elementor-section-boxed elementor-section-height-default elementor-section-height-default default-style\" data-id=\"dc45b52\" data-element_type=\"section\" data-settings=\"{&quot;rt_color_sets&quot;:&quot;default-style&quot;}\">\n\t\t\t\t\t\t<div class=\"elementor-container elementor-column-gap-default\">\n\t\t\t\t\t<div class=\"elementor-column elementor-col-66 elementor-top-column elementor-element elementor-element-75d3bfd\" data-id=\"75d3bfd\" data-element_type=\"column\">\n\t\t\t<div class=\"elementor-widget-wrap elementor-element-populated\">\n\t\t\t\t\t\t<div class=\"elementor-element elementor-element-6cad88f elementor-align-left elementor-widget elementor-widget-rt-contact-form-7\" data-id=\"6cad88f\" data-element_type=\"widget\" data-widget_type=\"rt-contact-form-7.default\">\n\t\t\t\t<div class=\"elementor-widget-container\">\n\t\t\t\t\t\n<div class=\"wpcf7 no-js\" id=\"wpcf7-f7-o1\" lang=\"es-ES\" dir=\"ltr\" data-wpcf7-id=\"7\">\n<div class=\"screen-reader-response\"><p role=\"status\" aria-live=\"polite\" aria-atomic=\"true\"><\/p> <ul><\/ul><\/div>\n<form action=\"\/en\/wp-json\/wp\/v2\/pages\/5051#wpcf7-f7-o1\" method=\"post\" class=\"wpcf7-form init\" aria-label=\"Formulario de contacto\" enctype=\"multipart\/form-data\" novalidate=\"novalidate\" data-status=\"init\" data-trp-original-action=\"\/en\/wp-json\/wp\/v2\/pages\/5051#wpcf7-f7-o1\">\n<div style=\"display: none;\">\n<input type=\"hidden\" name=\"_wpcf7\" value=\"7\" \/>\n<input type=\"hidden\" name=\"_wpcf7_version\" value=\"6.0.3\" \/>\n<input type=\"hidden\" name=\"_wpcf7_locale\" value=\"es_ES\" \/>\n<input type=\"hidden\" name=\"_wpcf7_unit_tag\" value=\"wpcf7-f7-o1\" \/>\n<input type=\"hidden\" name=\"_wpcf7_container_post\" value=\"0\" \/>\n<input type=\"hidden\" name=\"_wpcf7_posted_data_hash\" value=\"\" \/>\n<input type=\"hidden\" name=\"_wpcf7_recaptcha_response\" value=\"\" \/>\n<\/div>\n<div class=\"frm-azul mt-3\">\n\t<div class=\"rt-heading-wrapper style-4 mb-3\">\n\t\t<h3 class=\"rt-heading style-4\">MY DETAILS\n\t\t<\/h3>\n\t<\/div>\n\t<div class=\"row form-group\">\n\t\t<div class=\"col-md-6\">\n\t\t\t<p><label>Name<\/label><br \/>\n<span class=\"wpcf7-form-control-wrap\" data-name=\"txt-nombre\"><input size=\"40\" maxlength=\"400\" class=\"wpcf7-form-control wpcf7-text wpcf7-validates-as-required\" aria-required=\"true\" aria-invalid=\"false\" value=\"\" type=\"text\" name=\"txt-nombre\" \/><\/span>\n\t\t\t<\/p>\n\t\t<\/div>\n\t\t<div class=\"col-md-6\">\n\t\t\t<p><label>Last Name<\/label><br \/>\n<span class=\"wpcf7-form-control-wrap\" data-name=\"txt-apellido\"><input size=\"40\" maxlength=\"400\" class=\"wpcf7-form-control wpcf7-text wpcf7-validates-as-required\" aria-required=\"true\" aria-invalid=\"false\" value=\"\" type=\"text\" name=\"txt-apellido\" \/><\/span>\n\t\t\t<\/p>\n\t\t<\/div>\n\t<\/div>\n\t<div class=\"row form-group\">\n\t\t<div class=\"col-md-6\">\n\t\t\t<p><label>Email<\/label><br \/>\n<span class=\"wpcf7-form-control-wrap\" data-name=\"txt-email\"><input size=\"40\" maxlength=\"400\" class=\"wpcf7-form-control wpcf7-text wpcf7-validates-as-required\" aria-required=\"true\" aria-invalid=\"false\" value=\"\" type=\"text\" name=\"txt-email\" \/><\/span>\n\t\t\t<\/p>\n\t\t<\/div>\n\t\t<div class=\"col-md-6\">\n\t\t\t<p><label>Phone<\/label><br \/>\n<span class=\"wpcf7-form-control-wrap\" data-name=\"txt-telf\"><input size=\"40\" maxlength=\"400\" class=\"wpcf7-form-control wpcf7-text wpcf7-validates-as-required\" aria-required=\"true\" aria-invalid=\"false\" value=\"\" type=\"text\" name=\"txt-telf\" \/><\/span>\n\t\t\t<\/p>\n\t\t<\/div>\n\t<\/div>\n\t<div class=\"row form-group\">\n\t\t<div class=\"col-md-6\">\n\t\t\t<p><label>Company name<\/label><br \/>\n<span class=\"wpcf7-form-control-wrap\" data-name=\"cbo-tipo\"><select class=\"wpcf7-form-control wpcf7-select wpcf7-validates-as-required\" aria-required=\"true\" aria-invalid=\"false\" name=\"cbo-tipo\"><option value=\"Empresa\">Legal Entity<\/option><option value=\"Persona\">Natural Person<\/option><\/select><\/span>\n\t\t\t<\/p>\n\t\t<\/div>\n\t\t<div class=\"col-md-6\">\n\t\t\t<p><label>Company name<\/label><br \/>\n<span class=\"wpcf7-form-control-wrap\" data-name=\"txt-razon-social\"><input size=\"40\" maxlength=\"400\" class=\"wpcf7-form-control wpcf7-text wpcf7-validates-as-required\" aria-required=\"true\" aria-invalid=\"false\" value=\"\" type=\"text\" name=\"txt-razon-social\" \/><\/span>\n\t\t\t<\/p>\n\t\t<\/div>\n\t<\/div>\n<\/div>\n<div class=\"frm-verde mt-3\">\n\t<div class=\"rt-heading-wrapper style-4 mb-3\">\n\t\t<h3 class=\"rt-heading style-4\">SELECT SERVICE AND LANGUAGES\n\t\t<\/h3>\n\t<\/div>\n\t<div class=\"row form-group\">\n\t\t<div class=\"col-md-12\">\n\t\t\t<p><label>Services<\/label><br \/>\n<span class=\"wpcf7-form-control-wrap\" data-name=\"cbo-servicio\"><select class=\"wpcf7-form-control wpcf7-select wpcf7-validates-as-required\" aria-required=\"true\" aria-invalid=\"false\" name=\"cbo-servicio\"><option value=\"Traducci\u00f3n de Documentos\">TRANSLATION OF DOCUMENTS<\/option><option value=\"Interpretaci\u00f3n de Eventos\">INTERPRETING OF EVENTS<\/option><option value=\"Transcripci\u00f3n de Audio y Video\">AUDIO AND VIDEO TRANSCRIPTION<\/option><\/select><\/span>\n\t\t\t<\/p>\n\t\t<\/div>\n\t<\/div>\n\t<div class=\"row form-group\">\n\t\t<div class=\"col-md-6\">\n\t\t\t<p><label>Source language<\/label><br \/>\n<span class=\"wpcf7-form-control-wrap\" data-name=\"cbo-idioma-origen\"><select class=\"wpcf7-form-control wpcf7-select wpcf7-validates-as-required\" aria-required=\"true\" aria-invalid=\"false\" name=\"cbo-idioma-origen\"><option value=\"Espa\u00f1ol\">Spanish<\/option><option value=\"Ingl\u00e9s\">English<\/option><option value=\"Portugu\u00e9s\">Portuguese<\/option><\/select><\/span>\n\t\t\t<\/p>\n\t\t<\/div>\n\t\t<div class=\"col-md-6\">\n\t\t\t<p><label>Target language<\/label><br \/>\n<span class=\"wpcf7-form-control-wrap\" data-name=\"cbo-idioma-destino\"><select class=\"wpcf7-form-control wpcf7-select wpcf7-validates-as-required\" aria-required=\"true\" aria-invalid=\"false\" name=\"cbo-idioma-destino\"><option value=\"Espa\u00f1ol\">Spanish<\/option><option value=\"Ingl\u00e9s\">English<\/option><option value=\"Portugu\u00e9s\">Portuguese<\/option><\/select><\/span>\n\t\t\t<\/p>\n\t\t<\/div>\n\t<\/div>\n<\/div>\n<div class=\"frm-azul mt-3\">\n\t<div class=\"row form-group\">\n\t\t<div class=\"col-md-12\">\n\t\t\t<p><label>UPLOAD FILE<\/label><br \/>\n<span class=\"wpcf7-form-control-wrap\" data-name=\"file-documento\"><input size=\"40\" class=\"wpcf7-form-control wpcf7-file\" accept=\"audio\/*,video\/*,image\/*\" aria-invalid=\"false\" type=\"file\" name=\"file-documento\" \/><\/span>\n\t\t\t<\/p>\n\t\t<\/div>\n\t<\/div>\n<\/div>\n<div class=\"frm-verde mt-3\">\n\t<div class=\"rt-heading-wrapper style-4 mb-3\">\n\t\t<h3 class=\"rt-heading style-4\">FURTHER DETAILS\n\t\t<\/h3>\n\t<\/div>\n\t<div class=\"row form-group\">\n\t\t<div class=\"col-md-6\">\n\t\t\t<p><label>Field \/ Subject<\/label><br \/>\n<span class=\"wpcf7-form-control-wrap\" data-name=\"txt-campo-tematica\"><input size=\"40\" maxlength=\"400\" class=\"wpcf7-form-control wpcf7-text wpcf7-validates-as-required\" aria-required=\"true\" aria-invalid=\"false\" value=\"\" type=\"text\" name=\"txt-campo-tematica\" \/><\/span>\n\t\t\t<\/p>\n\t\t<\/div>\n\t\t<div class=\"col-md-6\">\n\t\t\t<p><label>Date of delivery<\/label><br \/>\n<span class=\"wpcf7-form-control-wrap\" data-name=\"dt-entrega\"><input class=\"wpcf7-form-control wpcf7-date wpcf7-validates-as-required wpcf7-validates-as-date\" aria-required=\"true\" aria-invalid=\"false\" placeholder=\"Last Name\" value=\"\" type=\"date\" name=\"dt-entrega\" \/><\/span>\n\t\t\t<\/p>\n\t\t<\/div>\n\t<\/div>\n\t<div class=\"row form-group\">\n\t\t<div class=\"col-md-12\">\n\t\t\t<p><label>Remarks<\/label><br \/>\n<span class=\"wpcf7-form-control-wrap\" data-name=\"txt-observaciones\"><textarea cols=\"40\" rows=\"10\" maxlength=\"2000\" class=\"wpcf7-form-control wpcf7-textarea wpcf7-validates-as-required\" aria-required=\"true\" aria-invalid=\"false\" name=\"txt-observaciones\"><\/textarea><\/span>\n\t\t\t<\/p>\n\t\t<\/div>\n\t<\/div>\n<\/div>\n<div class=\"row form-group mt-3\">\n\t<div class=\"col-md-12 text-center\">\n\t\t<p><input class=\"wpcf7-form-control wpcf7-submit has-spinner\" id=\"btn-enviar\" type=\"submit\" value=\"QUOTE REQUEST\" \/>\n\t\t<\/p>\n\t<\/div>\n<\/div><input type='hidden' class='wpcf7-pum' value='{\"closepopup\":false,\"closedelay\":0,\"openpopup\":false,\"openpopup_id\":0}' \/><div class=\"wpcf7-response-output\" aria-hidden=\"true\"><\/div>\n<input type=\"hidden\" name=\"trp-form-language\" value=\"en\"\/><\/form>\n<\/div>\n\t\t\t\t<\/div>\n\t\t\t\t<\/div>\n\t\t\t\t\t<\/div>\n\t\t<\/div>\n\t\t\t\t<div class=\"elementor-column elementor-col-33 elementor-top-column elementor-element elementor-element-e936b88\" data-id=\"e936b88\" data-element_type=\"column\" data-settings=\"{&quot;background_background&quot;:&quot;classic&quot;}\">\n\t\t\t<div class=\"elementor-widget-wrap elementor-element-populated\">\n\t\t\t\t\t\t<section class=\"elementor-section elementor-inner-section elementor-element elementor-element-1491c28 elementor-section-boxed elementor-section-height-default elementor-section-height-default default-style\" data-id=\"1491c28\" data-element_type=\"section\" data-settings=\"{&quot;rt_color_sets&quot;:&quot;default-style&quot;}\">\n\t\t\t\t\t\t<div class=\"elementor-container elementor-column-gap-default\">\n\t\t\t\t\t<div class=\"elementor-column elementor-col-100 elementor-inner-column elementor-element elementor-element-9cea491\" data-id=\"9cea491\" data-element_type=\"column\">\n\t\t\t<div class=\"elementor-widget-wrap elementor-element-populated\">\n\t\t\t\t\t\t<div class=\"elementor-element elementor-element-c60c2de heading-ralla-azul elementor-widget elementor-widget-rt-heading\" data-id=\"c60c2de\" data-element_type=\"widget\" data-widget_type=\"rt-heading.default\">\n\t\t\t\t<div class=\"elementor-widget-container\">\n\t\t\t\t\t<div class=\"rt-heading-wrapper style-4\">\n\t\t\t\t\t\t<h4 class=\"rt-heading style-4\" >SERVICES<\/h4>\n\t\t\t\t\t<\/div>\t\t\t\t<\/div>\n\t\t\t\t<\/div>\n\t\t\t\t\t<\/div>\n\t\t<\/div>\n\t\t\t\t\t<\/div>\n\t\t<\/section>\n\t\t\t\t<section class=\"elementor-section elementor-inner-section elementor-element elementor-element-06ff153 elementor-section-boxed elementor-section-height-default elementor-section-height-default default-style\" data-id=\"06ff153\" data-element_type=\"section\" data-settings=\"{&quot;rt_color_sets&quot;:&quot;default-style&quot;}\">\n\t\t\t\t\t\t<div class=\"elementor-container elementor-column-gap-default\">\n\t\t\t\t\t<div class=\"elementor-column elementor-col-100 elementor-inner-column elementor-element elementor-element-d02e167\" data-id=\"d02e167\" data-element_type=\"column\">\n\t\t\t<div class=\"elementor-widget-wrap elementor-element-populated\">\n\t\t\t\t\t\t<div class=\"elementor-element elementor-element-956a323 elementor-widget elementor-widget-image\" data-id=\"956a323\" data-element_type=\"widget\" data-widget_type=\"image.default\">\n\t\t\t\t<div class=\"elementor-widget-container\">\n\t\t\t\t\t\t\t\t\t\t\t\t\t\t\t\t<a href=\"https:\/\/traduce.com.pe\/en\/traduccion-de-documentos\/\">\n\t\t\t\t\t\t\t<img data-recalc-dims=\"1\" decoding=\"async\" src=\"https:\/\/i0.wp.com\/traduce.com.pe\/wp-content\/uploads\/elementor\/thumbs\/01-p4pkg8aou78yc5pwt67rfnp1nudpwuiwnw79osgfsw.png?w=1220&#038;ssl=1\" title=\"01\" alt=\"01\" loading=\"lazy\" \/>\t\t\t\t\t\t\t\t<\/a>\n\t\t\t\t\t\t\t\t\t\t\t\t\t\t\t<\/div>\n\t\t\t\t<\/div>\n\t\t\t\t<div class=\"elementor-element elementor-element-c2e77ac elementor-widget elementor-widget-rt-heading\" data-id=\"c2e77ac\" data-element_type=\"widget\" data-widget_type=\"rt-heading.default\">\n\t\t\t\t<div class=\"elementor-widget-container\">\n\t\t\t\t\t<div class=\"rt-heading-wrapper text-center\">\n\t\t\t\t\t\t<h6 class=\"rt-heading\" >TRANSLATION OF DOCUMENTS<\/h6>\n\t\t\t\t\t<\/div>\t\t\t\t<\/div>\n\t\t\t\t<\/div>\n\t\t\t\t\t<\/div>\n\t\t<\/div>\n\t\t\t\t\t<\/div>\n\t\t<\/section>\n\t\t\t\t<section class=\"elementor-section elementor-inner-section elementor-element elementor-element-d090f13 elementor-section-boxed elementor-section-height-default elementor-section-height-default default-style\" data-id=\"d090f13\" data-element_type=\"section\" data-settings=\"{&quot;rt_color_sets&quot;:&quot;default-style&quot;}\">\n\t\t\t\t\t\t<div class=\"elementor-container elementor-column-gap-default\">\n\t\t\t\t\t<div class=\"elementor-column elementor-col-100 elementor-inner-column elementor-element elementor-element-d3ae811\" data-id=\"d3ae811\" data-element_type=\"column\">\n\t\t\t<div class=\"elementor-widget-wrap elementor-element-populated\">\n\t\t\t\t\t\t<div class=\"elementor-element elementor-element-8280310 elementor-widget elementor-widget-image\" data-id=\"8280310\" data-element_type=\"widget\" data-widget_type=\"image.default\">\n\t\t\t\t<div class=\"elementor-widget-container\">\n\t\t\t\t\t\t\t\t\t\t\t\t\t\t\t\t<a href=\"https:\/\/traduce.com.pe\/en\/interpretacion-de-eventos\/\">\n\t\t\t\t\t\t\t<img data-recalc-dims=\"1\" decoding=\"async\" src=\"https:\/\/i0.wp.com\/traduce.com.pe\/wp-content\/uploads\/elementor\/thumbs\/07-p4pkg8aou78yc5pwt67rfnp1nudpwuiwnw79osgfsw.png?w=1220&#038;ssl=1\" title=\"07\" alt=\"07\" loading=\"lazy\" \/>\t\t\t\t\t\t\t\t<\/a>\n\t\t\t\t\t\t\t\t\t\t\t\t\t\t\t<\/div>\n\t\t\t\t<\/div>\n\t\t\t\t<div class=\"elementor-element elementor-element-7203d44 elementor-widget elementor-widget-rt-heading\" data-id=\"7203d44\" data-element_type=\"widget\" data-widget_type=\"rt-heading.default\">\n\t\t\t\t<div class=\"elementor-widget-container\">\n\t\t\t\t\t<div class=\"rt-heading-wrapper text-center\">\n\t\t\t\t\t\t<h6 class=\"rt-heading\" >INTERPRETING OF EVENTS<\/h6>\n\t\t\t\t\t<\/div>\t\t\t\t<\/div>\n\t\t\t\t<\/div>\n\t\t\t\t\t<\/div>\n\t\t<\/div>\n\t\t\t\t\t<\/div>\n\t\t<\/section>\n\t\t\t\t<section class=\"elementor-section elementor-inner-section elementor-element elementor-element-d1fcdd9 elementor-section-boxed elementor-section-height-default elementor-section-height-default default-style\" data-id=\"d1fcdd9\" data-element_type=\"section\" data-settings=\"{&quot;rt_color_sets&quot;:&quot;default-style&quot;}\">\n\t\t\t\t\t\t<div class=\"elementor-container elementor-column-gap-default\">\n\t\t\t\t\t<div class=\"elementor-column elementor-col-100 elementor-inner-column elementor-element elementor-element-4aaceee\" data-id=\"4aaceee\" data-element_type=\"column\">\n\t\t\t<div class=\"elementor-widget-wrap elementor-element-populated\">\n\t\t\t\t\t\t<div class=\"elementor-element elementor-element-68fea1e elementor-widget elementor-widget-image\" data-id=\"68fea1e\" data-element_type=\"widget\" data-widget_type=\"image.default\">\n\t\t\t\t<div class=\"elementor-widget-container\">\n\t\t\t\t\t\t\t\t\t\t\t\t\t\t\t\t<a href=\"https:\/\/traduce.com.pe\/en\/transcripcion-de-audio-y-video\/\">\n\t\t\t\t\t\t\t<img data-recalc-dims=\"1\" decoding=\"async\" src=\"https:\/\/i0.wp.com\/traduce.com.pe\/wp-content\/uploads\/elementor\/thumbs\/08-p4pkg8aou78yc5pwt67rfnp1nudpwuiwnw79osgfsw.png?w=1220&#038;ssl=1\" title=\"08\" alt=\"08\" loading=\"lazy\" \/>\t\t\t\t\t\t\t\t<\/a>\n\t\t\t\t\t\t\t\t\t\t\t\t\t\t\t<\/div>\n\t\t\t\t<\/div>\n\t\t\t\t<div class=\"elementor-element elementor-element-15896e6 elementor-widget elementor-widget-rt-heading\" data-id=\"15896e6\" data-element_type=\"widget\" data-widget_type=\"rt-heading.default\">\n\t\t\t\t<div class=\"elementor-widget-container\">\n\t\t\t\t\t<div class=\"rt-heading-wrapper text-center\">\n\t\t\t\t\t\t<h6 class=\"rt-heading\" >AUDIO AND VIDEO TRANSCRIPTION<\/h6>\n\t\t\t\t\t<\/div>\t\t\t\t<\/div>\n\t\t\t\t<\/div>\n\t\t\t\t\t<\/div>\n\t\t<\/div>\n\t\t\t\t\t<\/div>\n\t\t<\/section>\n\t\t\t\t<section class=\"elementor-section elementor-inner-section elementor-element elementor-element-3cb93c6 elementor-section-boxed elementor-section-height-default elementor-section-height-default default-style\" data-id=\"3cb93c6\" data-element_type=\"section\" data-settings=\"{&quot;rt_color_sets&quot;:&quot;default-style&quot;}\">\n\t\t\t\t\t\t<div class=\"elementor-container elementor-column-gap-default\">\n\t\t\t\t\t<div class=\"elementor-column elementor-col-100 elementor-inner-column elementor-element elementor-element-9dc45cc\" data-id=\"9dc45cc\" data-element_type=\"column\">\n\t\t\t<div class=\"elementor-widget-wrap elementor-element-populated\">\n\t\t\t\t\t\t<div class=\"elementor-element elementor-element-96e7739 elementor-align-center elementor-widget elementor-widget-rt-button\" data-id=\"96e7739\" data-element_type=\"widget\" data-widget_type=\"rt-button.default\">\n\t\t\t\t<div class=\"elementor-widget-container\">\n\t\t\t\t\t<div class=\"button_wrapper  rounded\"><a href=\"#popmake-5301\" target=\"_self\" title=\"DELIVERY METHODS\" class=\"button_  style-1 medium\"><span><span>DELIVERY METHODS<\/span><\/span><\/a><\/div>\t\t\t\t<\/div>\n\t\t\t\t<\/div>\n\t\t\t\t\t<\/div>\n\t\t<\/div>\n\t\t\t\t\t<\/div>\n\t\t<\/section>\n\t\t\t\t\t<\/div>\n\t\t<\/div>\n\t\t\t\t\t<\/div>\n\t\t<\/section>\n\t\t\t\t<\/div>","protected":false},"excerpt":{"rendered":"<p>COTIZADOR MIS DATOS Nombres Apellidos Email Tel\u00e9fono Tipo de persona EmpresaPersona Raz\u00f3n social ELEGIR SERVICIO E IDIOMAS Servicios Traducci\u00f3n de DocumentosInterpretaci\u00f3n de EventosTranscripci\u00f3n de Audio y Video Idioma origen Espa\u00f1olIngl\u00e9sPortugu\u00e9s Idioma destino Espa\u00f1olIngl\u00e9sPortugu\u00e9s Documento DATOS ADICIONALES Campo\/Tem\u00e1tica Fecha de entrega Observaciones SERVICIOS TRADUCCI\u00d3N DE DOCUMENTOS INTERPRETACI\u00d3N DE EVENTOS TRANSCRIPCI\u00d3N DE AUDIO Y VIDEO FORMAS DE [&hellip;]<\/p>","protected":false},"author":1,"featured_media":0,"parent":0,"menu_order":0,"comment_status":"closed","ping_status":"closed","template":"","meta":{"footnotes":""},"class_list":["post-5051","page","type-page","status-publish","hentry"],"jetpack_sharing_enabled":true,"_links":{"self":[{"href":"https:\/\/traduce.com.pe\/en\/wp-json\/wp\/v2\/pages\/5051","targetHints":{"allow":["GET"]}}],"collection":[{"href":"https:\/\/traduce.com.pe\/en\/wp-json\/wp\/v2\/pages"}],"about":[{"href":"https:\/\/traduce.com.pe\/en\/wp-json\/wp\/v2\/types\/page"}],"author":[{"embeddable":true,"href":"https:\/\/traduce.com.pe\/en\/wp-json\/wp\/v2\/users\/1"}],"replies":[{"embeddable":true,"href":"https:\/\/traduce.com.pe\/en\/wp-json\/wp\/v2\/comments?post=5051"}],"version-history":[{"count":3,"href":"https:\/\/traduce.com.pe\/en\/wp-json\/wp\/v2\/pages\/5051\/revisions"}],"predecessor-version":[{"id":5462,"href":"https:\/\/traduce.com.pe\/en\/wp-json\/wp\/v2\/pages\/5051\/revisions\/5462"}],"wp:attachment":[{"href":"https:\/\/traduce.com.pe\/en\/wp-json\/wp\/v2\/media?parent=5051"}],"curies":[{"name":"wp","href":"https:\/\/api.w.org\/{rel}","templated":true}]}}