{"id":4980,"date":"2021-03-15T10:20:39","date_gmt":"2021-03-15T15:20:39","guid":{"rendered":"https:\/\/traduce.com.pe\/?page_id=4980"},"modified":"2021-03-24T17:37:32","modified_gmt":"2021-03-24T22:37:32","slug":"conocenos","status":"publish","type":"page","link":"https:\/\/traduce.com.pe\/en\/conocenos\/","title":{"rendered":"Con\u00f3cenos"},"content":{"rendered":"<div data-elementor-type=\"wp-page\" data-elementor-id=\"4980\" class=\"elementor elementor-4980\">\n\t\t\t\t\t\t<section class=\"elementor-section elementor-top-section elementor-element elementor-element-227e6d2 elementor-section-full_width elementor-section-height-min-height elementor-section-height-default elementor-section-items-middle default-style\" data-id=\"227e6d2\" data-element_type=\"section\" data-settings=\"{&quot;background_background&quot;:&quot;classic&quot;,&quot;rt_color_sets&quot;:&quot;default-style&quot;}\">\n\t\t\t\t\t\t\t<div class=\"elementor-background-overlay\"><\/div>\n\t\t\t\t\t\t\t<div class=\"elementor-container elementor-column-gap-no\">\n\t\t\t\t\t<div class=\"elementor-column elementor-col-100 elementor-top-column elementor-element elementor-element-8b8dc46\" data-id=\"8b8dc46\" data-element_type=\"column\">\n\t\t\t<div class=\"elementor-widget-wrap\">\n\t\t\t\t\t\t\t<\/div>\n\t\t<\/div>\n\t\t\t\t\t<\/div>\n\t\t<\/section>\n\t\t\t\t<section class=\"elementor-section elementor-top-section elementor-element elementor-element-23ed9cd elementor-section-boxed elementor-section-height-default elementor-section-height-default default-style\" data-id=\"23ed9cd\" data-element_type=\"section\" data-settings=\"{&quot;rt_color_sets&quot;:&quot;default-style&quot;}\">\n\t\t\t\t\t\t<div class=\"elementor-container elementor-column-gap-default\">\n\t\t\t\t\t<div class=\"elementor-column elementor-col-100 elementor-top-column elementor-element elementor-element-a916a21\" data-id=\"a916a21\" data-element_type=\"column\">\n\t\t\t<div class=\"elementor-widget-wrap elementor-element-populated\">\n\t\t\t\t\t\t<div class=\"elementor-element elementor-element-e88f0e2 elementor-invisible elementor-widget elementor-widget-rt-heading\" data-id=\"e88f0e2\" data-element_type=\"widget\" data-settings=\"{&quot;_animation&quot;:&quot;fadeInLeft&quot;}\" data-widget_type=\"rt-heading.default\">\n\t\t\t\t<div class=\"elementor-widget-container\">\n\t\t\t\t\t<div class=\"rt-heading-wrapper\">\n\t\t\t\t\t\t<h2 class=\"rt-heading\" >ABOUT US<\/h2>\n\t\t\t\t\t<\/div>\t\t\t\t<\/div>\n\t\t\t\t<\/div>\n\t\t\t\t\t<\/div>\n\t\t<\/div>\n\t\t\t\t\t<\/div>\n\t\t<\/section>\n\t\t\t\t<section class=\"elementor-section elementor-top-section elementor-element elementor-element-c7b2624 elementor-section-boxed elementor-section-height-default elementor-section-height-default default-style\" data-id=\"c7b2624\" data-element_type=\"section\" data-settings=\"{&quot;rt_color_sets&quot;:&quot;default-style&quot;}\">\n\t\t\t\t\t\t<div class=\"elementor-container elementor-column-gap-default\">\n\t\t\t\t\t<div class=\"elementor-column elementor-col-50 elementor-top-column elementor-element elementor-element-1fb567b\" data-id=\"1fb567b\" data-element_type=\"column\">\n\t\t\t<div class=\"elementor-widget-wrap elementor-element-populated\">\n\t\t\t\t\t\t<div class=\"elementor-element elementor-element-1880522 elementor-invisible elementor-widget elementor-widget-rt-heading\" data-id=\"1880522\" data-element_type=\"widget\" data-settings=\"{&quot;_animation&quot;:&quot;fadeInLeft&quot;}\" data-widget_type=\"rt-heading.default\">\n\t\t\t\t<div class=\"elementor-widget-container\">\n\t\t\t\t\t<div class=\"rt-heading-wrapper text-center\">\n\t\t\t\t\t\t<h3 class=\"rt-heading\" >\"Understanding you\"<\/h3>\n\t\t\t\t\t<\/div>\t\t\t\t<\/div>\n\t\t\t\t<\/div>\n\t\t\t\t<div class=\"elementor-element elementor-element-c57ddb7 elementor-invisible elementor-widget elementor-widget-text-editor\" data-id=\"c57ddb7\" data-element_type=\"widget\" data-settings=\"{&quot;_animation&quot;:&quot;fadeInLeft&quot;}\" data-widget_type=\"text-editor.default\">\n\t\t\t\t<div class=\"elementor-widget-container\">\n\t\t\t\t\t\t\t\t\t<p class=\"translation-block\">In <b>TRADUCE<\/b>, we know you set your own limits. For this reason, our team works daily to make language barriers not to be an obstacle for achieving your goals.<\/p><p>With more than 17 years of experience in the translation and interpreting industry and in the field of teaching and research we seek to provide you with a quality service within your reach.<\/p><p><b>Experience<\/b><\/p><ul><li>Certified Licensed Translator \u2013 CTP No. 0246<\/li><li>Court-appointed Expert Translator \u2013 Interpreter of REPEJ CSJL<\/li><li>Master of International Relations and Trade of the Government and Public Management Institute of USMP<\/li><li>Member of the SUNAT Registry of Service Exporters<\/li><\/ul>\t\t\t\t\t\t\t\t<\/div>\n\t\t\t\t<\/div>\n\t\t\t\t\t<\/div>\n\t\t<\/div>\n\t\t\t\t<div class=\"elementor-column elementor-col-50 elementor-top-column elementor-element elementor-element-651a1f7\" data-id=\"651a1f7\" data-element_type=\"column\">\n\t\t\t<div class=\"elementor-widget-wrap elementor-element-populated\">\n\t\t\t\t\t\t<div class=\"elementor-element elementor-element-9539835 elementor-invisible elementor-widget elementor-widget-image\" data-id=\"9539835\" data-element_type=\"widget\" data-settings=\"{&quot;_animation&quot;:&quot;fadeInRight&quot;}\" data-widget_type=\"image.default\">\n\t\t\t\t<div class=\"elementor-widget-container\">\n\t\t\t\t\t\t\t\t\t\t\t\t\t\t\t<img data-recalc-dims=\"1\" decoding=\"async\" src=\"https:\/\/i0.wp.com\/traduce.com.pe\/wp-content\/uploads\/elementor\/thumbs\/saludo-victoria-p4pkg8aou7axy8ewzfldaj430ayfdgg1r3fos5arr4.jpg?w=1220&#038;ssl=1\" title=\"Image of business people hands on top of each other\" alt=\"Image of business people hands on top of each other\" loading=\"lazy\" \/>\t\t\t\t\t\t\t\t\t\t\t\t\t\t\t<\/div>\n\t\t\t\t<\/div>\n\t\t\t\t\t<\/div>\n\t\t<\/div>\n\t\t\t\t\t<\/div>\n\t\t<\/section>\n\t\t\t\t<\/div>","protected":false},"excerpt":{"rendered":"<p>CON\u00d3CENOS \u00abComprensi\u00f3n a tu alcance\u00bb En TRADUCE sabemos que los l\u00edmites los pone uno mismo, es por ello que nuestro equipo trabaja d\u00eda a d\u00eda para hacer que las barreras del idioma no sean un obst\u00e1culo para alcanzar tus metas. Con m\u00e1s de 17 a\u00f1os de experiencia en la industria de la traducci\u00f3n e interpretaci\u00f3n [&hellip;]<\/p>","protected":false},"author":1,"featured_media":0,"parent":0,"menu_order":0,"comment_status":"closed","ping_status":"closed","template":"","meta":{"footnotes":""},"class_list":["post-4980","page","type-page","status-publish","hentry"],"jetpack_sharing_enabled":true,"_links":{"self":[{"href":"https:\/\/traduce.com.pe\/en\/wp-json\/wp\/v2\/pages\/4980","targetHints":{"allow":["GET"]}}],"collection":[{"href":"https:\/\/traduce.com.pe\/en\/wp-json\/wp\/v2\/pages"}],"about":[{"href":"https:\/\/traduce.com.pe\/en\/wp-json\/wp\/v2\/types\/page"}],"author":[{"embeddable":true,"href":"https:\/\/traduce.com.pe\/en\/wp-json\/wp\/v2\/users\/1"}],"replies":[{"embeddable":true,"href":"https:\/\/traduce.com.pe\/en\/wp-json\/wp\/v2\/comments?post=4980"}],"version-history":[{"count":0,"href":"https:\/\/traduce.com.pe\/en\/wp-json\/wp\/v2\/pages\/4980\/revisions"}],"wp:attachment":[{"href":"https:\/\/traduce.com.pe\/en\/wp-json\/wp\/v2\/media?parent=4980"}],"curies":[{"name":"wp","href":"https:\/\/api.w.org\/{rel}","templated":true}]}}