{"id":4928,"date":"2021-03-14T17:41:23","date_gmt":"2021-03-14T22:41:23","guid":{"rendered":"https:\/\/traduce.com.pe\/?page_id=4928"},"modified":"2021-03-24T17:59:05","modified_gmt":"2021-03-24T22:59:05","slug":"interpretacion-de-eventos","status":"publish","type":"page","link":"https:\/\/traduce.com.pe\/en\/interpretacion-de-eventos\/","title":{"rendered":"Interpreting of events"},"content":{"rendered":"<div data-elementor-type=\"wp-page\" data-elementor-id=\"4928\" class=\"elementor elementor-4928\">\n\t\t\t\t\t\t<section class=\"elementor-section elementor-top-section elementor-element elementor-element-227e6d2 elementor-section-full_width elementor-section-height-min-height elementor-section-height-default elementor-section-items-middle default-style\" data-id=\"227e6d2\" data-element_type=\"section\" data-settings=\"{&quot;background_background&quot;:&quot;classic&quot;,&quot;rt_color_sets&quot;:&quot;default-style&quot;}\">\n\t\t\t\t\t\t<div class=\"elementor-container elementor-column-gap-no\">\n\t\t\t\t\t<div class=\"elementor-column elementor-col-100 elementor-top-column elementor-element elementor-element-8b8dc46\" data-id=\"8b8dc46\" data-element_type=\"column\">\n\t\t\t<div class=\"elementor-widget-wrap\">\n\t\t\t\t\t\t\t<\/div>\n\t\t<\/div>\n\t\t\t\t\t<\/div>\n\t\t<\/section>\n\t\t\t\t<section class=\"elementor-section elementor-top-section elementor-element elementor-element-23ed9cd elementor-section-boxed elementor-section-height-default elementor-section-height-default default-style\" data-id=\"23ed9cd\" data-element_type=\"section\" data-settings=\"{&quot;rt_color_sets&quot;:&quot;default-style&quot;}\">\n\t\t\t\t\t\t<div class=\"elementor-container elementor-column-gap-default\">\n\t\t\t\t\t<div class=\"elementor-column elementor-col-100 elementor-top-column elementor-element elementor-element-a916a21\" data-id=\"a916a21\" data-element_type=\"column\">\n\t\t\t<div class=\"elementor-widget-wrap elementor-element-populated\">\n\t\t\t\t\t\t<div class=\"elementor-element elementor-element-e88f0e2 elementor-invisible elementor-widget elementor-widget-rt-heading\" data-id=\"e88f0e2\" data-element_type=\"widget\" data-settings=\"{&quot;_animation&quot;:&quot;fadeInLeft&quot;}\" data-widget_type=\"rt-heading.default\">\n\t\t\t\t<div class=\"elementor-widget-container\">\n\t\t\t\t\t<div class=\"rt-heading-wrapper\">\n\t\t\t\t\t\t<h2 class=\"rt-heading\" >INTERPRETING OF EVENTS<\/h2>\n\t\t\t\t\t<\/div>\t\t\t\t<\/div>\n\t\t\t\t<\/div>\n\t\t\t\t<div class=\"elementor-element elementor-element-45e64d1 elementor-invisible elementor-widget elementor-widget-text-editor\" data-id=\"45e64d1\" data-element_type=\"widget\" data-settings=\"{&quot;_animation&quot;:&quot;fadeInLeft&quot;}\" data-widget_type=\"text-editor.default\">\n\t\t\t\t<div class=\"elementor-widget-container\">\n\t\t\t\t\t\t\t\t\t<p>We ensure the perfect solution for your remote and face-to-face events through an effective and reliable interpreting that only our professional and specialized team of interpreters may offer you in all subject areas and combinations of languages.<\/p><p>We are highly trained interpreters able to move to any place in Peru and abroad with the sole purpose of cooperating in all your events such as conferences, seminars, congresses, webinars, trainings, working meetings, business travels, social services, hearings (expert interpreting), medical appointments, tourist circuits, certification processes, field visits, among others.<\/p><p>We adapt ourselves to different videoconference platforms used by our clients for their events, or we provide you with those resources used by TRADUCE. In face-to-face events, we have appropriate technical audio equipment (booth, individual headphones, portable equipment) that will guarantee your event success.<\/p>\t\t\t\t\t\t\t\t<\/div>\n\t\t\t\t<\/div>\n\t\t\t\t\t<\/div>\n\t\t<\/div>\n\t\t\t\t\t<\/div>\n\t\t<\/section>\n\t\t\t\t<section class=\"elementor-section elementor-top-section elementor-element elementor-element-7afb1ad elementor-section-boxed elementor-section-height-default elementor-section-height-default default-style\" data-id=\"7afb1ad\" data-element_type=\"section\" data-settings=\"{&quot;background_background&quot;:&quot;classic&quot;,&quot;rt_color_sets&quot;:&quot;default-style&quot;}\">\n\t\t\t\t\t\t<div class=\"elementor-container elementor-column-gap-default\">\n\t\t\t\t\t<div class=\"elementor-column elementor-col-50 elementor-top-column elementor-element elementor-element-76ee669 elementor-invisible\" data-id=\"76ee669\" data-element_type=\"column\" data-settings=\"{&quot;background_background&quot;:&quot;classic&quot;,&quot;animation&quot;:&quot;zoomIn&quot;}\">\n\t\t\t<div class=\"elementor-widget-wrap elementor-element-populated\">\n\t\t\t\t\t\t<div class=\"elementor-element elementor-element-086db85 elementor-widget elementor-widget-heading\" data-id=\"086db85\" data-element_type=\"widget\" data-widget_type=\"heading.default\">\n\t\t\t\t<div class=\"elementor-widget-container\">\n\t\t\t\t\t<h5 class=\"elementor-heading-title elementor-size-default\">SIMULTANEOUS INTERPRETING<\/h5>\t\t\t\t<\/div>\n\t\t\t\t<\/div>\n\t\t\t\t<div class=\"elementor-element elementor-element-ddb0881 elementor-widget elementor-widget-text-editor\" data-id=\"ddb0881\" data-element_type=\"widget\" data-widget_type=\"text-editor.default\">\n\t\t\t\t<div class=\"elementor-widget-container\">\n\t\t\t\t\t\t\t\t\t<p>Ideal to transmit real-time messages. In general, it requires audio equipment that will enable the interpreter to listen to the speaker\u2019s message clearly in Language A and to transmit it to the listeners in Language B as faithfully and clearly as possible. Very used in virtual events under the remote interpreting modality.<\/p>\t\t\t\t\t\t\t\t<\/div>\n\t\t\t\t<\/div>\n\t\t\t\t\t<\/div>\n\t\t<\/div>\n\t\t\t\t<div class=\"elementor-column elementor-col-50 elementor-top-column elementor-element elementor-element-3fa654a elementor-invisible\" data-id=\"3fa654a\" data-element_type=\"column\" data-settings=\"{&quot;background_background&quot;:&quot;classic&quot;,&quot;animation&quot;:&quot;zoomIn&quot;}\">\n\t\t\t<div class=\"elementor-widget-wrap elementor-element-populated\">\n\t\t\t\t\t\t<div class=\"elementor-element elementor-element-3f47b56 elementor-widget elementor-widget-heading\" data-id=\"3f47b56\" data-element_type=\"widget\" data-widget_type=\"heading.default\">\n\t\t\t\t<div class=\"elementor-widget-container\">\n\t\t\t\t\t<h5 class=\"elementor-heading-title elementor-size-default\">CONSECUTIVE INTERPRETING<\/h5>\t\t\t\t<\/div>\n\t\t\t\t<\/div>\n\t\t\t\t<div class=\"elementor-element elementor-element-fa9ef5f elementor-widget elementor-widget-text-editor\" data-id=\"fa9ef5f\" data-element_type=\"widget\" data-widget_type=\"text-editor.default\">\n\t\t\t\t<div class=\"elementor-widget-container\">\n\t\t\t\t\t\t\t\t\t<p>It is required in events where the interpreter transmits the message taking brief pauses. With the note-taking method, the interpreter achieves to transmit the message by emphasizing on accuracy not on speed. In some face-to-face situations, for instance, field visits, this interpreting is known as liaison interpreting. It is also used in virtual events under the remote interpreting modality.<\/p>\t\t\t\t\t\t\t\t<\/div>\n\t\t\t\t<\/div>\n\t\t\t\t\t<\/div>\n\t\t<\/div>\n\t\t\t\t\t<\/div>\n\t\t<\/section>\n\t\t\t\t<section class=\"elementor-section elementor-top-section elementor-element elementor-element-b5dde2f elementor-section-boxed elementor-section-height-default elementor-section-height-default default-style\" data-id=\"b5dde2f\" data-element_type=\"section\" data-settings=\"{&quot;background_background&quot;:&quot;classic&quot;,&quot;rt_color_sets&quot;:&quot;default-style&quot;}\">\n\t\t\t\t\t\t<div class=\"elementor-container elementor-column-gap-default\">\n\t\t\t\t\t<div class=\"elementor-column elementor-col-33 elementor-top-column elementor-element elementor-element-f535c33\" data-id=\"f535c33\" data-element_type=\"column\">\n\t\t\t<div class=\"elementor-widget-wrap\">\n\t\t\t\t\t\t\t<\/div>\n\t\t<\/div>\n\t\t\t\t<div class=\"elementor-column elementor-col-33 elementor-top-column elementor-element elementor-element-9a5bd61 elementor-invisible\" data-id=\"9a5bd61\" data-element_type=\"column\" data-settings=\"{&quot;background_background&quot;:&quot;classic&quot;,&quot;animation&quot;:&quot;zoomIn&quot;}\">\n\t\t\t<div class=\"elementor-widget-wrap elementor-element-populated\">\n\t\t\t\t\t\t<div class=\"elementor-element elementor-element-578c5e8 elementor-position-left elementor-vertical-align-middle elementor-widget elementor-widget-image-box\" data-id=\"578c5e8\" data-element_type=\"widget\" data-widget_type=\"image-box.default\">\n\t\t\t\t<div class=\"elementor-widget-container\">\n\t\t\t\t\t<div class=\"elementor-image-box-wrapper\"><figure class=\"elementor-image-box-img\"><a href=\"https:\/\/traduce.com.pe\/en\/cotizador\/\" tabindex=\"-1\"><img data-recalc-dims=\"1\" decoding=\"async\" src=\"https:\/\/i0.wp.com\/traduce.com.pe\/wp-content\/uploads\/elementor\/thumbs\/cotizador-p4pkg8aou78dvkdmh3jawjv19zximyjq2epfntxhj4.png?w=1220&#038;ssl=1\" title=\"cotizador\" alt=\"cotizador\" loading=\"lazy\" \/><\/a><\/figure><div class=\"elementor-image-box-content\"><div class=\"elementor-image-box-title\"><a href=\"https:\/\/traduce.com.pe\/en\/cotizador\/\">GET A QUOTE<\/a><\/div><\/div><\/div>\t\t\t\t<\/div>\n\t\t\t\t<\/div>\n\t\t\t\t\t<\/div>\n\t\t<\/div>\n\t\t\t\t<div class=\"elementor-column elementor-col-33 elementor-top-column elementor-element elementor-element-25d4ad1\" data-id=\"25d4ad1\" data-element_type=\"column\">\n\t\t\t<div class=\"elementor-widget-wrap\">\n\t\t\t\t\t\t\t<\/div>\n\t\t<\/div>\n\t\t\t\t\t<\/div>\n\t\t<\/section>\n\t\t\t\t<\/div>","protected":false},"excerpt":{"rendered":"<p>INTERPRETACI\u00d3N DE EVENTOS Garantizamos la soluci\u00f3n perfecta para sus eventos virtuales y presenciales a trav\u00e9s de una interpretaci\u00f3n efectiva y confiable que s\u00f3lo nuestro equipo profesional y especializado de int\u00e9rpretes le puede ofrecer en todas las \u00e1reas tem\u00e1ticas y combinaciones de idiomas. Somos int\u00e9rpretes altamente capacitados dispuestos a trasladarnos a cualquier parte del Per\u00fa y [&hellip;]<\/p>","protected":false},"author":1,"featured_media":0,"parent":0,"menu_order":0,"comment_status":"closed","ping_status":"closed","template":"","meta":{"footnotes":""},"class_list":["post-4928","page","type-page","status-publish","hentry"],"jetpack_sharing_enabled":true,"_links":{"self":[{"href":"https:\/\/traduce.com.pe\/en\/wp-json\/wp\/v2\/pages\/4928","targetHints":{"allow":["GET"]}}],"collection":[{"href":"https:\/\/traduce.com.pe\/en\/wp-json\/wp\/v2\/pages"}],"about":[{"href":"https:\/\/traduce.com.pe\/en\/wp-json\/wp\/v2\/types\/page"}],"author":[{"embeddable":true,"href":"https:\/\/traduce.com.pe\/en\/wp-json\/wp\/v2\/users\/1"}],"replies":[{"embeddable":true,"href":"https:\/\/traduce.com.pe\/en\/wp-json\/wp\/v2\/comments?post=4928"}],"version-history":[{"count":0,"href":"https:\/\/traduce.com.pe\/en\/wp-json\/wp\/v2\/pages\/4928\/revisions"}],"wp:attachment":[{"href":"https:\/\/traduce.com.pe\/en\/wp-json\/wp\/v2\/media?parent=4928"}],"curies":[{"name":"wp","href":"https:\/\/api.w.org\/{rel}","templated":true}]}}