{"id":4899,"date":"2021-03-14T16:53:19","date_gmt":"2021-03-14T21:53:19","guid":{"rendered":"https:\/\/traduce.com.pe\/?page_id=4899"},"modified":"2021-03-17T18:10:40","modified_gmt":"2021-03-17T23:10:40","slug":"traduccion-de-documentos","status":"publish","type":"page","link":"https:\/\/traduce.com.pe\/en\/traduccion-de-documentos\/","title":{"rendered":"Translation of documents"},"content":{"rendered":"<div data-elementor-type=\"wp-page\" data-elementor-id=\"4899\" class=\"elementor elementor-4899\">\n\t\t\t\t\t\t<section class=\"elementor-section elementor-top-section elementor-element elementor-element-227e6d2 elementor-section-full_width elementor-section-height-min-height elementor-section-height-default elementor-section-items-middle default-style\" data-id=\"227e6d2\" data-element_type=\"section\" data-settings=\"{&quot;background_background&quot;:&quot;classic&quot;,&quot;rt_color_sets&quot;:&quot;default-style&quot;}\">\n\t\t\t\t\t\t<div class=\"elementor-container elementor-column-gap-no\">\n\t\t\t\t\t<div class=\"elementor-column elementor-col-100 elementor-top-column elementor-element elementor-element-8b8dc46\" data-id=\"8b8dc46\" data-element_type=\"column\">\n\t\t\t<div class=\"elementor-widget-wrap\">\n\t\t\t\t\t\t\t<\/div>\n\t\t<\/div>\n\t\t\t\t\t<\/div>\n\t\t<\/section>\n\t\t\t\t<section class=\"elementor-section elementor-top-section elementor-element elementor-element-23ed9cd elementor-section-boxed elementor-section-height-default elementor-section-height-default default-style\" data-id=\"23ed9cd\" data-element_type=\"section\" data-settings=\"{&quot;rt_color_sets&quot;:&quot;default-style&quot;}\">\n\t\t\t\t\t\t<div class=\"elementor-container elementor-column-gap-default\">\n\t\t\t\t\t<div class=\"elementor-column elementor-col-100 elementor-top-column elementor-element elementor-element-a916a21\" data-id=\"a916a21\" data-element_type=\"column\">\n\t\t\t<div class=\"elementor-widget-wrap elementor-element-populated\">\n\t\t\t\t\t\t<div class=\"elementor-element elementor-element-e88f0e2 elementor-invisible elementor-widget elementor-widget-rt-heading\" data-id=\"e88f0e2\" data-element_type=\"widget\" data-settings=\"{&quot;_animation&quot;:&quot;fadeInLeft&quot;}\" data-widget_type=\"rt-heading.default\">\n\t\t\t\t<div class=\"elementor-widget-container\">\n\t\t\t\t\t<div class=\"rt-heading-wrapper\">\n\t\t\t\t\t\t<h2 class=\"rt-heading\" >TRANSLATION OF DOCUMENTS<\/h2>\n\t\t\t\t\t<\/div>\t\t\t\t<\/div>\n\t\t\t\t<\/div>\n\t\t\t\t<div class=\"elementor-element elementor-element-45e64d1 elementor-invisible elementor-widget elementor-widget-text-editor\" data-id=\"45e64d1\" data-element_type=\"widget\" data-settings=\"{&quot;_animation&quot;:&quot;fadeInLeft&quot;}\" data-widget_type=\"text-editor.default\">\n\t\t\t\t<div class=\"elementor-widget-container\">\n\t\t\t\t\t\t\t\t\t<p>The team of highly specialized and experienced professionals that forms part of TRADUCE, translates into all combinations of languages taking careful account of the terminology and intention of the content.<\/p><p>We use technological resources to manage urgent requirements of our clients effectively and efficiently.<\/p><p>Given the multiple requirements of translation users, the texts to be translated are the following:<\/p><p>Correspondence, technical specifications, offers, guidelines, minutes, records, certificates, briefs, letters rogatory, judgments, evidence, diplomas, certifications, bills of lading, reports, vouchers, contracts, agreements, transcripts, policies, patents, webpages, other documents in general.<\/p>\t\t\t\t\t\t\t\t<\/div>\n\t\t\t\t<\/div>\n\t\t\t\t\t<\/div>\n\t\t<\/div>\n\t\t\t\t\t<\/div>\n\t\t<\/section>\n\t\t\t\t<section class=\"elementor-section elementor-top-section elementor-element elementor-element-7afb1ad elementor-section-boxed elementor-section-height-default elementor-section-height-default default-style\" data-id=\"7afb1ad\" data-element_type=\"section\" data-settings=\"{&quot;background_background&quot;:&quot;classic&quot;,&quot;rt_color_sets&quot;:&quot;default-style&quot;}\">\n\t\t\t\t\t\t<div class=\"elementor-container elementor-column-gap-default\">\n\t\t\t\t\t<div class=\"elementor-column elementor-col-33 elementor-top-column elementor-element elementor-element-76ee669 elementor-invisible\" data-id=\"76ee669\" data-element_type=\"column\" data-settings=\"{&quot;background_background&quot;:&quot;classic&quot;,&quot;animation&quot;:&quot;zoomIn&quot;}\">\n\t\t\t<div class=\"elementor-widget-wrap elementor-element-populated\">\n\t\t\t\t\t\t<div class=\"elementor-element elementor-element-086db85 elementor-widget elementor-widget-heading\" data-id=\"086db85\" data-element_type=\"widget\" data-widget_type=\"heading.default\">\n\t\t\t\t<div class=\"elementor-widget-container\">\n\t\t\t\t\t<h5 class=\"elementor-heading-title elementor-size-default\">SIMPLE (UNOFFICIAL)<br>\nTRANSLATION<\/h5>\t\t\t\t<\/div>\n\t\t\t\t<\/div>\n\t\t\t\t<div class=\"elementor-element elementor-element-ddb0881 elementor-widget elementor-widget-text-editor\" data-id=\"ddb0881\" data-element_type=\"widget\" data-widget_type=\"text-editor.default\">\n\t\t\t\t<div class=\"elementor-widget-container\">\n\t\t\t\t\t\t\t\t\t<p>This translation is not official and does not bear the translator\u2019s signature. Third-party responsibility falls upon the owner of original document. It represents the highest part of offer and demand in practice, as it comprises all institutional scopes and every type of document without any exception.<\/p>\t\t\t\t\t\t\t\t<\/div>\n\t\t\t\t<\/div>\n\t\t\t\t\t<\/div>\n\t\t<\/div>\n\t\t\t\t<div class=\"elementor-column elementor-col-33 elementor-top-column elementor-element elementor-element-3fa654a elementor-invisible\" data-id=\"3fa654a\" data-element_type=\"column\" data-settings=\"{&quot;background_background&quot;:&quot;classic&quot;,&quot;animation&quot;:&quot;zoomIn&quot;}\">\n\t\t\t<div class=\"elementor-widget-wrap elementor-element-populated\">\n\t\t\t\t\t\t<div class=\"elementor-element elementor-element-3f47b56 elementor-widget elementor-widget-heading\" data-id=\"3f47b56\" data-element_type=\"widget\" data-widget_type=\"heading.default\">\n\t\t\t\t<div class=\"elementor-widget-container\">\n\t\t\t\t\t<h5 class=\"elementor-heading-title elementor-size-default\">CERTIFIED TRANSLATION<\/h5>\t\t\t\t<\/div>\n\t\t\t\t<\/div>\n\t\t\t\t<div class=\"elementor-element elementor-element-fa9ef5f elementor-widget elementor-widget-text-editor\" data-id=\"fa9ef5f\" data-element_type=\"widget\" data-widget_type=\"text-editor.default\">\n\t\t\t\t<div class=\"elementor-widget-container\">\n\t\t\t\t\t\t\t\t\t<p>This translation meets the requirements set forth in the Procedures Manual of Certified Translation published by the Peruvian Association of Professional Licensed Translators. Third-party responsibility falls upon the author through its signature. Now, we also provide the certified translation service in digital version <a style=\"text-decoration: underline;\" href=\"https:\/\/www.colegiodetraductores.org.pe\/wp-content\/uploads\/2020\/08\/Lineamientos-de-la-Traducci%C3%B3n-Certificada-para-el-p%C3%BAblico-usuario.pdf\" target=\"_blank\" rel=\"noopener\">(Digital Certified Translation \u2013 TCD)<\/a>.<\/p>\t\t\t\t\t\t\t\t<\/div>\n\t\t\t\t<\/div>\n\t\t\t\t\t<\/div>\n\t\t<\/div>\n\t\t\t\t<div class=\"elementor-column elementor-col-33 elementor-top-column elementor-element elementor-element-9bb732e elementor-invisible\" data-id=\"9bb732e\" data-element_type=\"column\" data-settings=\"{&quot;background_background&quot;:&quot;classic&quot;,&quot;animation&quot;:&quot;zoomIn&quot;}\">\n\t\t\t<div class=\"elementor-widget-wrap elementor-element-populated\">\n\t\t\t\t\t\t<div class=\"elementor-element elementor-element-825fce1 elementor-widget elementor-widget-heading\" data-id=\"825fce1\" data-element_type=\"widget\" data-widget_type=\"heading.default\">\n\t\t\t\t<div class=\"elementor-widget-container\">\n\t\t\t\t\t<h5 class=\"elementor-heading-title elementor-size-default\">COURT EXPERT TRANSLATION<\/h5>\t\t\t\t<\/div>\n\t\t\t\t<\/div>\n\t\t\t\t<div class=\"elementor-element elementor-element-e96f4be elementor-widget elementor-widget-text-editor\" data-id=\"e96f4be\" data-element_type=\"widget\" data-widget_type=\"text-editor.default\">\n\t\t\t\t<div class=\"elementor-widget-container\">\n\t\t\t\t\t\t\t\t\t<p>This translation is made by a court-appointed expert specialized in translating documents in English, French and Spanish, who is duly accredited in the Registry of Court Experts of the Superior Court of Justice of Lima.<\/p>\t\t\t\t\t\t\t\t<\/div>\n\t\t\t\t<\/div>\n\t\t\t\t\t<\/div>\n\t\t<\/div>\n\t\t\t\t\t<\/div>\n\t\t<\/section>\n\t\t\t\t<section class=\"elementor-section elementor-top-section elementor-element elementor-element-c7218be elementor-section-boxed elementor-section-height-default elementor-section-height-default default-style\" data-id=\"c7218be\" data-element_type=\"section\" data-settings=\"{&quot;background_background&quot;:&quot;classic&quot;,&quot;rt_color_sets&quot;:&quot;default-style&quot;}\">\n\t\t\t\t\t\t<div class=\"elementor-container elementor-column-gap-default\">\n\t\t\t\t\t<div class=\"elementor-column elementor-col-33 elementor-top-column elementor-element elementor-element-b55cf81\" data-id=\"b55cf81\" data-element_type=\"column\">\n\t\t\t<div class=\"elementor-widget-wrap\">\n\t\t\t\t\t\t\t<\/div>\n\t\t<\/div>\n\t\t\t\t<div class=\"elementor-column elementor-col-33 elementor-top-column elementor-element elementor-element-c0fab36 elementor-invisible\" data-id=\"c0fab36\" data-element_type=\"column\" data-settings=\"{&quot;background_background&quot;:&quot;classic&quot;,&quot;animation&quot;:&quot;zoomIn&quot;}\">\n\t\t\t<div class=\"elementor-widget-wrap elementor-element-populated\">\n\t\t\t\t\t\t<div class=\"elementor-element elementor-element-1e30143 elementor-position-left elementor-vertical-align-middle elementor-widget elementor-widget-image-box\" data-id=\"1e30143\" data-element_type=\"widget\" data-widget_type=\"image-box.default\">\n\t\t\t\t<div class=\"elementor-widget-container\">\n\t\t\t\t\t<div class=\"elementor-image-box-wrapper\"><figure class=\"elementor-image-box-img\"><a href=\"https:\/\/traduce.com.pe\/en\/cotizador\/\" tabindex=\"-1\"><img data-recalc-dims=\"1\" decoding=\"async\" src=\"https:\/\/i0.wp.com\/traduce.com.pe\/wp-content\/uploads\/elementor\/thumbs\/cotizador-p4pkg8aou78dvkdmh3jawjv19zximyjq2epfntxhj4.png?w=1220&#038;ssl=1\" title=\"cotizador\" alt=\"cotizador\" loading=\"lazy\" \/><\/a><\/figure><div class=\"elementor-image-box-content\"><div class=\"elementor-image-box-title\"><a href=\"https:\/\/traduce.com.pe\/en\/cotizador\/\">GET A QUOTE<\/a><\/div><\/div><\/div>\t\t\t\t<\/div>\n\t\t\t\t<\/div>\n\t\t\t\t\t<\/div>\n\t\t<\/div>\n\t\t\t\t<div class=\"elementor-column elementor-col-33 elementor-top-column elementor-element elementor-element-c0b7496\" data-id=\"c0b7496\" data-element_type=\"column\">\n\t\t\t<div class=\"elementor-widget-wrap\">\n\t\t\t\t\t\t\t<\/div>\n\t\t<\/div>\n\t\t\t\t\t<\/div>\n\t\t<\/section>\n\t\t\t\t<\/div>","protected":false},"excerpt":{"rendered":"<p>TRADUCCI\u00d3N DE DOCUMENTOS El equipo de profesionales altamente especializado y experimentado que forma parte de TRADUCE, traducen a todas las combinaciones de idiomas tomando muy en cuenta la terminolog\u00eda y la intencionalidad del contenido. Aprovechamos los recursos tecnol\u00f3gicos para gestionar eficaz y eficientemente los urgentes requerimientos de nuestros clientes. Dadas las m\u00faltiples exigencias de los [&hellip;]<\/p>","protected":false},"author":1,"featured_media":0,"parent":0,"menu_order":0,"comment_status":"closed","ping_status":"closed","template":"","meta":{"footnotes":""},"class_list":["post-4899","page","type-page","status-publish","hentry"],"jetpack_sharing_enabled":true,"_links":{"self":[{"href":"https:\/\/traduce.com.pe\/en\/wp-json\/wp\/v2\/pages\/4899","targetHints":{"allow":["GET"]}}],"collection":[{"href":"https:\/\/traduce.com.pe\/en\/wp-json\/wp\/v2\/pages"}],"about":[{"href":"https:\/\/traduce.com.pe\/en\/wp-json\/wp\/v2\/types\/page"}],"author":[{"embeddable":true,"href":"https:\/\/traduce.com.pe\/en\/wp-json\/wp\/v2\/users\/1"}],"replies":[{"embeddable":true,"href":"https:\/\/traduce.com.pe\/en\/wp-json\/wp\/v2\/comments?post=4899"}],"version-history":[{"count":0,"href":"https:\/\/traduce.com.pe\/en\/wp-json\/wp\/v2\/pages\/4899\/revisions"}],"wp:attachment":[{"href":"https:\/\/traduce.com.pe\/en\/wp-json\/wp\/v2\/media?parent=4899"}],"curies":[{"name":"wp","href":"https:\/\/api.w.org\/{rel}","templated":true}]}}